{"id":2,"date":"2025-04-27T13:47:53","date_gmt":"2025-04-27T13:47:53","guid":{"rendered":"http:\/\/cleanproducts.vn\/?page_id=2"},"modified":"2025-08-11T09:50:41","modified_gmt":"2025-08-11T09:50:41","slug":"trang-mau","status":"publish","type":"page","link":"https:\/\/cleanproducts.vn\/index.php\/trang-mau\/","title":{"rendered":"Trang m\u1eabu"},"content":{"rendered":"\n<h3 class=\"wp-block-heading\"><strong>\ud83c\udf1f L\u1ee2I TH\u1ebe C\u1ed0T L\u00d5I<\/strong><\/h3>\n\n\n\n<ol start=\"1\" class=\"wp-block-list\">\n<li><strong>\u0110A L\u0128NH V\u1ef0C<\/strong>: Cung c\u1ea5p gi\u1ea3i ph\u00e1p ph\u00f2ng s\u1ea1ch\u00a0<strong>\u0111\u1ea1t chu\u1ea9n c\u1ea5p 10<\/strong>\u00a0cho ng\u00e0nh b\u00e1n d\u1eabn, d\u01b0\u1ee3c ph\u1ea9m, \u0111i\u1ec7n t\u1eed!<\/li>\n\n\n\n<li><strong>C\u00d4NG NGH\u1ec6 TI\u00caN PHONG<\/strong>: \u1ee8ng d\u1ee5ng v\u1eadt li\u1ec7u m\u1edbi, m\u1edf r\u1ed9ng sang l\u0129nh v\u1ef1c sinh h\u1ecdc &#8211; d\u01b0\u1ee3c ph\u1ea9m.<\/li>\n\n\n\n<li><strong>TO\u00c0N C\u1ea6U TIN D\u00d9NG<\/strong>: Ph\u1ee5c v\u1ee5\u00a0<strong>1000+<\/strong>\u00a0kh\u00e1ch h\u00e0ng qu\u1ed1c t\u1ebf, bao g\u1ed3m Huawei, BOE.<\/li>\n<\/ol>\n\n\n\n<hr class=\"wp-block-separator has-alpha-channel-opacity\"\/>\n\n\n\n<h3 class=\"wp-block-heading\"><strong>\ud83d\udd27 S\u1ea2N PH\u1ea8M &amp; D\u1ecaCH V\u1ee4<\/strong><\/h3>\n\n\n\n<h4 class=\"wp-block-heading\"><strong>\ud83d\udce6 DANH M\u1ee4C S\u1ea2N PH\u1ea8M<\/strong><\/h4>\n\n\n\n<ul class=\"wp-block-list\">\n<li><strong>V\u1ec7 sinh ph\u00f2ng s\u1ea1ch<\/strong>: Qu\u1ea7n \u00e1o ph\u00f2ng s\u1ea1ch, kh\u0103n lau kh\u00f4ng b\u1ee5i, th\u1ea3m d\u00ednh b\u1ee5i<\/li>\n\n\n\n<li><strong>B\u1ea3o h\u1ed9 c\u00e1 nh\u00e2n<\/strong>: G\u0103ng tay nitrile, bao ng\u00f3n tay, gi\u00e0y ch\u1ed1ng t\u0129nh \u0111i\u1ec7n<\/li>\n\n\n\n<li><strong>V\u1eadt t\u01b0 ti\u00eau hao<\/strong>: T\u0103m b\u00f4ng ph\u00f2ng s\u1ea1ch, con l\u0103n d\u00ednh b\u1ee5i<\/li>\n<\/ul>\n\n\n\n<h4 class=\"wp-block-heading\"><strong>\ud83d\udee0\ufe0f D\u1ecaCH V\u1ee4 CHUY\u00caN NGHI\u1ec6P<\/strong><\/h4>\n\n\n\n<ul class=\"wp-block-list\">\n<li><strong>L\u00e0m s\u1ea1ch \u0111\u1ea1t chu\u1ea9n c\u1ea5p 10<\/strong><\/li>\n\n\n\n<li><strong>T\u01b0 v\u1ea5n thi\u1ebft k\u1ebf ph\u00f2ng s\u1ea1ch<\/strong>\u00a0tr\u1ecdn g\u00f3i<\/li>\n<\/ul>\n\n\n\n<hr class=\"wp-block-separator has-alpha-channel-opacity\"\/>\n\n\n\n<h3 class=\"wp-block-heading\"><strong>\ud83c\udfc6 KH\u1eb2C TIN C\u1eacY<\/strong><\/h3>\n\n\n\n<p>\u2705&nbsp;<strong>10 n\u0103m kinh nghi\u1ec7m<\/strong>&nbsp;&#8211; M\u1ea1ng l\u01b0\u1edbi d\u1ecbch v\u1ee5 to\u00e0n qu\u1ed1c<br>\u2705&nbsp;<strong>Ch\u1ee9ng nh\u1eadn qu\u1ed1c t\u1ebf<\/strong>&nbsp;&#8211; \u0110\u00e1p \u1ee9ng ti\u00eau chu\u1ea9n ng\u00e0nh b\u00e1n d\u1eabn<br>\u2705&nbsp;<strong>\u0110\u1ed1i t\u00e1c chi\u1ebfn l\u01b0\u1ee3c<\/strong>&nbsp;c\u1ee7a c\u00e1c t\u1eadp \u0111o\u00e0n h\u00e0ng \u0111\u1ea7u<\/p>\n\n\n\n<hr class=\"wp-block-separator has-alpha-channel-opacity\"\/>\n\n\n\n<h3 class=\"wp-block-heading\"><strong>\ud83d\udce2 \u01afU \u0110\u00c3I \u0110\u1eb6C BI\u1ec6T<\/strong><\/h3>\n\n\n\n<p>\ud83d\udd25&nbsp;<strong>\u01afu \u0111\u00e3i m\u1edbi<\/strong>:<\/p>\n\n\n\n<ul class=\"wp-block-list\">\n<li>\u0110\u01a1n h\u00e0ng \u0111\u1ea7u ti\u00ean tr\u1ecb gi\u00e1 >100 tri\u1ec7u VND t\u1eb7ng\u00a0<strong>b\u1ed9 l\u00e0m s\u1ea1ch cao c\u1ea5p<\/strong>\u00a0(tr\u1ecb gi\u00e1 2 tri\u1ec7u VND)<\/li>\n\n\n\n<li>Kh\u00e1ch h\u00e0ng k\u00fd h\u1ee3p \u0111\u1ed3ng n\u0103m \u0111\u01b0\u1ee3c\u00a0<strong>\u0111\u00e1nh gi\u00e1 ph\u00f2ng s\u1ea1ch mi\u1ec5n ph\u00ed<\/strong><\/li>\n<\/ul>\n","protected":false},"excerpt":{"rendered":"<p>\ud83c\udf1f L\u1ee2I TH\u1ebe C\u1ed0T L\u00d5I \ud83d\udd27 S\u1ea2N PH\u1ea8M &amp; D\u1ecaCH V\u1ee4 \ud83d\udce6 DANH M\u1ee4C S\u1ea2N PH\u1ea8M \ud83d\udee0\ufe0f D\u1ecaCH V\u1ee4 CHUY\u00caN NGHI\u1ec6P \ud83c\udfc6 KH\u1eb2C TIN C\u1eacY \u2705&nbsp;10 n\u0103m kinh nghi\u1ec7m&nbsp;&#8211; M\u1ea1ng l\u01b0\u1edbi d\u1ecbch v\u1ee5 to\u00e0n qu\u1ed1c\u2705&nbsp;Ch\u1ee9ng nh\u1eadn qu\u1ed1c t\u1ebf&nbsp;&#8211; \u0110\u00e1p \u1ee9ng ti\u00eau chu\u1ea9n ng\u00e0nh b\u00e1n d\u1eabn\u2705&nbsp;\u0110\u1ed1i t\u00e1c chi\u1ebfn l\u01b0\u1ee3c&nbsp;c\u1ee7a c\u00e1c t\u1eadp \u0111o\u00e0n h\u00e0ng \u0111\u1ea7u \ud83d\udce2 \u01afU [&hellip;]<\/p>\n","protected":false},"author":1,"featured_media":0,"parent":0,"menu_order":0,"comment_status":"closed","ping_status":"open","template":"","meta":{"footnotes":""},"class_list":["post-2","page","type-page","status-publish","hentry","post"],"yoast_head":"<!-- This site is optimized with the Yoast SEO plugin v25.2 - https:\/\/yoast.com\/wordpress\/plugins\/seo\/ -->\n<title>Trang m\u1eabu - Cleanproducts<\/title>\n<meta name=\"robots\" content=\"index, follow, max-snippet:-1, max-image-preview:large, max-video-preview:-1\" \/>\n<link rel=\"canonical\" href=\"https:\/\/cleanproducts.vn\/index.php\/trang-mau\/\" \/>\n<meta property=\"og:locale\" content=\"vi_VN\" \/>\n<meta property=\"og:type\" content=\"article\" \/>\n<meta property=\"og:title\" content=\"Trang m\u1eabu - Cleanproducts\" \/>\n<meta property=\"og:description\" content=\"\ud83c\udf1f L\u1ee2I TH\u1ebe C\u1ed0T L\u00d5I \ud83d\udd27 S\u1ea2N PH\u1ea8M &amp; D\u1ecaCH V\u1ee4 \ud83d\udce6 DANH M\u1ee4C S\u1ea2N PH\u1ea8M \ud83d\udee0\ufe0f D\u1ecaCH V\u1ee4 CHUY\u00caN NGHI\u1ec6P \ud83c\udfc6 KH\u1eb2C TIN C\u1eacY \u2705&nbsp;10 n\u0103m kinh nghi\u1ec7m&nbsp;&#8211; M\u1ea1ng l\u01b0\u1edbi d\u1ecbch v\u1ee5 to\u00e0n qu\u1ed1c\u2705&nbsp;Ch\u1ee9ng nh\u1eadn qu\u1ed1c t\u1ebf&nbsp;&#8211; \u0110\u00e1p \u1ee9ng ti\u00eau chu\u1ea9n ng\u00e0nh b\u00e1n d\u1eabn\u2705&nbsp;\u0110\u1ed1i t\u00e1c chi\u1ebfn l\u01b0\u1ee3c&nbsp;c\u1ee7a c\u00e1c t\u1eadp \u0111o\u00e0n h\u00e0ng \u0111\u1ea7u \ud83d\udce2 \u01afU [&hellip;]\" \/>\n<meta property=\"og:url\" content=\"https:\/\/cleanproducts.vn\/index.php\/trang-mau\/\" \/>\n<meta property=\"og:site_name\" content=\"Cleanproducts\" \/>\n<meta property=\"article:modified_time\" content=\"2025-08-11T09:50:41+00:00\" \/>\n<meta name=\"twitter:card\" content=\"summary_large_image\" \/>\n<meta name=\"twitter:label1\" content=\"\u01af\u1edbc t\u00ednh th\u1eddi gian \u0111\u1ecdc\" \/>\n\t<meta name=\"twitter:data1\" content=\"2 ph\u00fat\" \/>\n<script type=\"application\/ld+json\" class=\"yoast-schema-graph\">{\"@context\":\"https:\/\/schema.org\",\"@graph\":[{\"@type\":\"WebPage\",\"@id\":\"https:\/\/cleanproducts.vn\/index.php\/trang-mau\/\",\"url\":\"https:\/\/cleanproducts.vn\/index.php\/trang-mau\/\",\"name\":\"Trang m\u1eabu - Cleanproducts\",\"isPartOf\":{\"@id\":\"https:\/\/cleanproducts.vn\/#website\"},\"datePublished\":\"2025-04-27T13:47:53+00:00\",\"dateModified\":\"2025-08-11T09:50:41+00:00\",\"breadcrumb\":{\"@id\":\"https:\/\/cleanproducts.vn\/index.php\/trang-mau\/#breadcrumb\"},\"inLanguage\":\"vi\",\"potentialAction\":[{\"@type\":\"ReadAction\",\"target\":[\"https:\/\/cleanproducts.vn\/index.php\/trang-mau\/\"]}]},{\"@type\":\"BreadcrumbList\",\"@id\":\"https:\/\/cleanproducts.vn\/index.php\/trang-mau\/#breadcrumb\",\"itemListElement\":[{\"@type\":\"ListItem\",\"position\":1,\"name\":\"Trang ch\u1ee7\",\"item\":\"https:\/\/cleanproducts.vn\/\"},{\"@type\":\"ListItem\",\"position\":2,\"name\":\"Trang m\u1eabu\"}]},{\"@type\":\"WebSite\",\"@id\":\"https:\/\/cleanproducts.vn\/#website\",\"url\":\"https:\/\/cleanproducts.vn\/\",\"name\":\"Cleanproducts\",\"description\":\"\",\"potentialAction\":[{\"@type\":\"SearchAction\",\"target\":{\"@type\":\"EntryPoint\",\"urlTemplate\":\"https:\/\/cleanproducts.vn\/?s={search_term_string}\"},\"query-input\":{\"@type\":\"PropertyValueSpecification\",\"valueRequired\":true,\"valueName\":\"search_term_string\"}}],\"inLanguage\":\"vi\"}]}<\/script>\n<!-- \/ Yoast SEO plugin. -->","yoast_head_json":{"title":"Trang m\u1eabu - Cleanproducts","robots":{"index":"index","follow":"follow","max-snippet":"max-snippet:-1","max-image-preview":"max-image-preview:large","max-video-preview":"max-video-preview:-1"},"canonical":"https:\/\/cleanproducts.vn\/index.php\/trang-mau\/","og_locale":"vi_VN","og_type":"article","og_title":"Trang m\u1eabu - Cleanproducts","og_description":"\ud83c\udf1f L\u1ee2I TH\u1ebe C\u1ed0T L\u00d5I \ud83d\udd27 S\u1ea2N PH\u1ea8M &amp; D\u1ecaCH V\u1ee4 \ud83d\udce6 DANH M\u1ee4C S\u1ea2N PH\u1ea8M \ud83d\udee0\ufe0f D\u1ecaCH V\u1ee4 CHUY\u00caN NGHI\u1ec6P \ud83c\udfc6 KH\u1eb2C TIN C\u1eacY \u2705&nbsp;10 n\u0103m kinh nghi\u1ec7m&nbsp;&#8211; M\u1ea1ng l\u01b0\u1edbi d\u1ecbch v\u1ee5 to\u00e0n qu\u1ed1c\u2705&nbsp;Ch\u1ee9ng nh\u1eadn qu\u1ed1c t\u1ebf&nbsp;&#8211; \u0110\u00e1p \u1ee9ng ti\u00eau chu\u1ea9n ng\u00e0nh b\u00e1n d\u1eabn\u2705&nbsp;\u0110\u1ed1i t\u00e1c chi\u1ebfn l\u01b0\u1ee3c&nbsp;c\u1ee7a c\u00e1c t\u1eadp \u0111o\u00e0n h\u00e0ng \u0111\u1ea7u \ud83d\udce2 \u01afU [&hellip;]","og_url":"https:\/\/cleanproducts.vn\/index.php\/trang-mau\/","og_site_name":"Cleanproducts","article_modified_time":"2025-08-11T09:50:41+00:00","twitter_card":"summary_large_image","twitter_misc":{"\u01af\u1edbc t\u00ednh th\u1eddi gian \u0111\u1ecdc":"2 ph\u00fat"},"schema":{"@context":"https:\/\/schema.org","@graph":[{"@type":"WebPage","@id":"https:\/\/cleanproducts.vn\/index.php\/trang-mau\/","url":"https:\/\/cleanproducts.vn\/index.php\/trang-mau\/","name":"Trang m\u1eabu - Cleanproducts","isPartOf":{"@id":"https:\/\/cleanproducts.vn\/#website"},"datePublished":"2025-04-27T13:47:53+00:00","dateModified":"2025-08-11T09:50:41+00:00","breadcrumb":{"@id":"https:\/\/cleanproducts.vn\/index.php\/trang-mau\/#breadcrumb"},"inLanguage":"vi","potentialAction":[{"@type":"ReadAction","target":["https:\/\/cleanproducts.vn\/index.php\/trang-mau\/"]}]},{"@type":"BreadcrumbList","@id":"https:\/\/cleanproducts.vn\/index.php\/trang-mau\/#breadcrumb","itemListElement":[{"@type":"ListItem","position":1,"name":"Trang ch\u1ee7","item":"https:\/\/cleanproducts.vn\/"},{"@type":"ListItem","position":2,"name":"Trang m\u1eabu"}]},{"@type":"WebSite","@id":"https:\/\/cleanproducts.vn\/#website","url":"https:\/\/cleanproducts.vn\/","name":"Cleanproducts","description":"","potentialAction":[{"@type":"SearchAction","target":{"@type":"EntryPoint","urlTemplate":"https:\/\/cleanproducts.vn\/?s={search_term_string}"},"query-input":{"@type":"PropertyValueSpecification","valueRequired":true,"valueName":"search_term_string"}}],"inLanguage":"vi"}]}},"_links":{"self":[{"href":"https:\/\/cleanproducts.vn\/index.php\/wp-json\/wp\/v2\/pages\/2","targetHints":{"allow":["GET"]}}],"collection":[{"href":"https:\/\/cleanproducts.vn\/index.php\/wp-json\/wp\/v2\/pages"}],"about":[{"href":"https:\/\/cleanproducts.vn\/index.php\/wp-json\/wp\/v2\/types\/page"}],"author":[{"embeddable":true,"href":"https:\/\/cleanproducts.vn\/index.php\/wp-json\/wp\/v2\/users\/1"}],"replies":[{"embeddable":true,"href":"https:\/\/cleanproducts.vn\/index.php\/wp-json\/wp\/v2\/comments?post=2"}],"version-history":[{"count":1,"href":"https:\/\/cleanproducts.vn\/index.php\/wp-json\/wp\/v2\/pages\/2\/revisions"}],"predecessor-version":[{"id":124,"href":"https:\/\/cleanproducts.vn\/index.php\/wp-json\/wp\/v2\/pages\/2\/revisions\/124"}],"wp:attachment":[{"href":"https:\/\/cleanproducts.vn\/index.php\/wp-json\/wp\/v2\/media?parent=2"}],"curies":[{"name":"wp","href":"https:\/\/api.w.org\/{rel}","templated":true}]}}