{"id":72,"date":"2025-06-10T04:07:57","date_gmt":"2025-06-10T04:07:57","guid":{"rendered":"https:\/\/cleanproducts.vn\/index.php\/home-page\/"},"modified":"2025-06-10T05:56:59","modified_gmt":"2025-06-10T05:56:59","slug":"home-page","status":"publish","type":"page","link":"https:\/\/cleanproducts.vn\/","title":{"rendered":"Home Page"},"content":{"rendered":"<div id=\"pl-72\"  class=\"panel-layout\" ><div id=\"pg-72-0\"  class=\"panel-grid panel-no-style\" ><div id=\"pgc-72-0-0\"  class=\"panel-grid-cell\" ><div id=\"panel-72-0-0-0\" class=\"so-panel widget widget_circleicon-widget panel-first-child panel-last-child\" data-index=\"0\" >\t\t<div class=\"circle-icon-box circle-icon-position-top circle-icon-hide-box circle-icon-size-small \">\n\t\t\t\t\t\t\t<div class=\"circle-icon-wrapper\">\n\t\t\t\t\t\t\t\t\t\t<div class=\"circle-icon\" >\n\t\t\t\t\t\t\t\t\t\t\t\t\t<div class=\"fa fa-pencil-square-o\" ><\/div>\n\t\t\t\t\t\t\t\t\t\t\t<\/div>\n\t\t\t\t\t\t\t\t\t<\/div>\n\t\t\t\n\t\t\t\t\t\t\t\t\t\t<h4 >\n\t\t\t\t\tEditable Home Page\t\t\t\t<\/h4>\n\t\t\t\t\t\t\n\t\t\t\t\t\t\t<p class=\"text\" >You can edit this home page using our free, drag and drop Page Builder, or simply disable it to fall back to a standard blog. It's a powerful page building experience.<\/p>\n\t\t\t\t\t\t\t\t\t\t<a\n\t\t\t\t\thref=\"#\"\n\t\t\t\t\tclass=\"more-button\"\n\t\t\t\t\t\t\t\t\t\t\t\t\t\t>\n\t\t\t\t\tStart Editing <i><\/i>\n\t\t\t\t<\/a>\n\t\t\t\t\t<\/div>\n\t\t<\/div><\/div><div id=\"pgc-72-0-1\"  class=\"panel-grid-cell\" ><div id=\"panel-72-0-1-0\" class=\"so-panel widget widget_circleicon-widget panel-first-child panel-last-child\" data-index=\"1\" >\t\t<div class=\"circle-icon-box circle-icon-position-top circle-icon-hide-box circle-icon-size-small \">\n\t\t\t\t\t\t\t<div class=\"circle-icon-wrapper\">\n\t\t\t\t\t\t\t\t\t\t<div class=\"circle-icon\" >\n\t\t\t\t\t\t\t\t\t\t\t\t\t<div class=\"fa fa-check-circle-o\" ><\/div>\n\t\t\t\t\t\t\t\t\t\t\t<\/div>\n\t\t\t\t\t\t\t\t\t<\/div>\n\t\t\t\n\t\t\t\t\t\t\t\t\t\t<h4 >\n\t\t\t\t\tLoads of Icons\t\t\t\t<\/h4>\n\t\t\t\t\t\t\n\t\t\t\t\t\t\t<p class=\"text\" >This widget uses FontAwesome - giving you hundreds of icons. Or you could disable the icon and use your own image image. Great for testimonials.<\/p>\n\t\t\t\t\t\t\t\t\t\t<a\n\t\t\t\t\thref=\"#\"\n\t\t\t\t\tclass=\"more-button\"\n\t\t\t\t\t\t\t\t\t\t\t\t\t\t>\n\t\t\t\t\tExample Button <i><\/i>\n\t\t\t\t<\/a>\n\t\t\t\t\t<\/div>\n\t\t<\/div><\/div><div id=\"pgc-72-0-2\"  class=\"panel-grid-cell\" ><div id=\"panel-72-0-2-0\" class=\"so-panel widget widget_circleicon-widget panel-first-child panel-last-child\" data-index=\"2\" >\t\t<div class=\"circle-icon-box circle-icon-position-top circle-icon-hide-box circle-icon-size-small \">\n\t\t\t\t\t\t\t<div class=\"circle-icon-wrapper\">\n\t\t\t\t\t\t\t\t\t\t<div class=\"circle-icon\" >\n\t\t\t\t\t\t\t\t\t\t\t\t\t<div class=\"fa fa-clock-o\" ><\/div>\n\t\t\t\t\t\t\t\t\t\t\t<\/div>\n\t\t\t\t\t\t\t\t\t<\/div>\n\t\t\t\n\t\t\t\t\t\t\t\t\t\t<h4 >\n\t\t\t\t\tSaves You Time\t\t\t\t<\/h4>\n\t\t\t\t\t\t\n\t\t\t\t\t\t\t<p class=\"text\" >Building your pages using a drag and drop page builder is a great experience that will save you time. Time is valuable. Don't waste it.<\/p>\n\t\t\t\t\t\t\t\t\t\t<a\n\t\t\t\t\thref=\"#\"\n\t\t\t\t\tclass=\"more-button\"\n\t\t\t\t\t\t\t\t\t\t\t\t\t\t>\n\t\t\t\t\tTest Button <i><\/i>\n\t\t\t\t<\/a>\n\t\t\t\t\t<\/div>\n\t\t<\/div><\/div><\/div><div id=\"pg-72-1\"  class=\"panel-grid panel-has-style\" ><div class=\"wide-grey panel-row-style panel-row-style-for-72-1\" ><div id=\"pgc-72-1-0\"  class=\"panel-grid-cell\" ><div id=\"panel-72-1-0-0\" class=\"so-panel widget widget_headline-widget panel-first-child panel-last-child\" data-index=\"3\" >\t\t<h1>This Is A Headline Widget<\/h1>\n\t\t<div class=\"decoration\"><div class=\"decoration-inside\"><\/div><\/div>\n\t\t<h3>You can customize it and put it where ever you want<\/h3>\n\t\t<\/div><\/div><\/div><\/div><div id=\"pg-72-2\"  class=\"panel-grid panel-no-style\" ><div id=\"pgc-72-2-0\"  class=\"panel-grid-cell\" ><div id=\"panel-72-2-0-0\" class=\"so-panel widget widget_siteorigin-panels-postloop panel-first-child panel-last-child\" data-index=\"4\" ><h3 class=\"widget-title\"><span class=\"vantage-carousel-title\"><span class=\"vantage-carousel-title-text\">Latest Posts<\/span><a href=\"#\" class=\"next\" title=\"Next\"><span class=\"vantage-icon-arrow-right\"><\/span><\/a><a href=\"#\" class=\"previous\" title=\"Previous\"><span class=\"vantage-icon-arrow-left\"><\/span><\/a><\/span><\/h3><div class=\"vantage-carousel-wrapper\">\n\t\n\t<ul class=\"vantage-carousel\" data-query=\"{&quot;post_type&quot;:&quot;post&quot;,&quot;posts_per_page&quot;:4,&quot;orderby&quot;:&quot;date&quot;,&quot;order&quot;:&quot;DESC&quot;,&quot;so_sidebar_emulator_id&quot;:&quot;siteorigin-panels-postloop-7210004&quot;,&quot;option_name&quot;:&quot;widget_siteorigin-panels-postloop&quot;,&quot;panels_info&quot;:{&quot;class&quot;:&quot;SiteOrigin_Panels_Widgets_PostLoop&quot;,&quot;raw&quot;:false,&quot;grid&quot;:2,&quot;cell&quot;:0,&quot;id&quot;:4,&quot;widget_id&quot;:&quot;d017b22c-2736-43ca-8a04-32fc91cd10ce&quot;,&quot;style&quot;:[],&quot;cell_index&quot;:0,&quot;widget_index&quot;:4},&quot;paged&quot;:1,&quot;post__not_in&quot;:[72],&quot;fields&quot;:&quot;all&quot;,&quot;lazy_load_term_meta&quot;:true}\" data-ajax-url=\"https:\/\/cleanproducts.vn\/wp-admin\/admin-ajax.php\">\n\t\t\t\t\t<li class=\"carousel-entry\">\n\t\t\t\t<div class=\"thumbnail\">\n\t\t\t\t\t\t\t\t\t\t\t\t\t\t\t\t<a href=\"https:\/\/cleanproducts.vn\/index.php\/2025\/07\/25\/chuc-nang-cua-bao-ngon-tay-chong-tinh-dien-la-gi\/\" style=\"background-image: url(https:\/\/cleanproducts.vn\/wp-content\/uploads\/2025\/07\/acl-staticide-nitrile-esd-finger-cots-blue-pack-of-720_431x431-272x182.webp)\">\n\t\t\t\t\t\t<\/a>\n\t\t\t\t\t\t\t\t\t<\/div>\n\t\t\t\t\t\t\t\t<h3><a href=\"https:\/\/cleanproducts.vn\/index.php\/2025\/07\/25\/chuc-nang-cua-bao-ngon-tay-chong-tinh-dien-la-gi\/\">Ch\u1ee9c n\u0103ng c\u1ee7a bao ng\u00f3n tay ch\u1ed1ng t\u0129nh \u0111i\u1ec7n l\u00e0 g\u00ec?<\/a><\/h3>\n\t\t\t<\/li>\n\t\t\t\t\t<li class=\"carousel-entry\">\n\t\t\t\t<div class=\"thumbnail\">\n\t\t\t\t\t\t\t\t\t\t\t\t\t\t\t\t<a href=\"https:\/\/cleanproducts.vn\/index.php\/2025\/07\/25\/cach-quan-ly-phong-sach-trong-quy-trinh-san-xuat-chip\/\" style=\"background-image: url(https:\/\/cleanproducts.vn\/wp-content\/uploads\/2025\/07\/665c1594cc112c50fb4e2c9ef89a1c5926824bd7-1-272x182.jpg)\">\n\t\t\t\t\t\t<\/a>\n\t\t\t\t\t\t\t\t\t<\/div>\n\t\t\t\t\t\t\t\t<h3><a href=\"https:\/\/cleanproducts.vn\/index.php\/2025\/07\/25\/cach-quan-ly-phong-sach-trong-quy-trinh-san-xuat-chip\/\">C\u00e1ch qu\u1ea3n l\u00fd ph\u00f2ng s\u1ea1ch trong quy tr\u00ecnh s\u1ea3n xu\u1ea5t chip<\/a><\/h3>\n\t\t\t<\/li>\n\t\t\t\t\t<li class=\"carousel-entry\">\n\t\t\t\t<div class=\"thumbnail\">\n\t\t\t\t\t\t\t\t\t\t\t\t\t\t\t\t<a href=\"https:\/\/cleanproducts.vn\/index.php\/2025\/04\/27\/chao-moi-nguoi\/\" style=\"background-image: url(https:\/\/cleanproducts.vn\/wp-content\/uploads\/2025\/06\/\u5fae\u4fe1\u622a\u56fe_20250208083647-272x182.jpg)\">\n\t\t\t\t\t\t<\/a>\n\t\t\t\t\t\t\t\t\t<\/div>\n\t\t\t\t\t\t\t\t<h3><a href=\"https:\/\/cleanproducts.vn\/index.php\/2025\/04\/27\/chao-moi-nguoi\/\">C\u00e1ch ph\u00f2ng tr\u00e1nh t\u0129nh \u0111i\u1ec7n trong nh\u00e0 m\u00e1y \u0111i\u1ec7n t\u1eed<\/a><\/h3>\n\t\t\t<\/li>\n\t\t\t<\/ul>\n<\/div>\n<\/div><\/div><div id=\"pgc-72-2-1\"  class=\"panel-grid-cell\" ><div id=\"panel-72-2-1-0\" class=\"so-panel widget widget_text panel-first-child panel-last-child\" data-index=\"5\" >\t\t\t<div class=\"textwidget\"><p>There are a lot of widgets bundled with Page Builder. You can use them to bring your pages to life.<\/p>\n<\/div>\n\t\t<\/div><\/div><\/div><\/div>","protected":false},"excerpt":{"rendered":"<p>There are a lot of widgets bundled with Page Builder. You can use them to bring your pages to life.<\/p>\n","protected":false},"author":1,"featured_media":0,"parent":0,"menu_order":0,"comment_status":"closed","ping_status":"closed","template":"home-panels.php","meta":{"footnotes":""},"class_list":["post-72","page","type-page","status-publish","hentry","post","post-with-thumbnail","post-with-thumbnail-large"],"yoast_head":"<!-- This site is optimized with the Yoast SEO plugin v25.2 - https:\/\/yoast.com\/wordpress\/plugins\/seo\/ -->\n<title>Home Page - Cleanproducts<\/title>\n<meta name=\"robots\" content=\"index, follow, max-snippet:-1, max-image-preview:large, max-video-preview:-1\" \/>\n<link rel=\"canonical\" href=\"https:\/\/cleanproducts.vn\/\" \/>\n<meta property=\"og:locale\" content=\"vi_VN\" \/>\n<meta property=\"og:type\" content=\"article\" \/>\n<meta property=\"og:title\" content=\"Home Page - Cleanproducts\" \/>\n<meta property=\"og:description\" content=\"There are a lot of widgets bundled with Page Builder. You can use them to bring your pages to life.\" \/>\n<meta property=\"og:url\" content=\"https:\/\/cleanproducts.vn\/\" \/>\n<meta property=\"og:site_name\" content=\"Cleanproducts\" \/>\n<meta property=\"article:modified_time\" content=\"2025-06-10T05:56:59+00:00\" \/>\n<meta name=\"twitter:card\" content=\"summary_large_image\" \/>\n<meta name=\"twitter:label1\" content=\"\u01af\u1edbc t\u00ednh th\u1eddi gian \u0111\u1ecdc\" \/>\n\t<meta name=\"twitter:data1\" content=\"1 ph\u00fat\" \/>\n<script type=\"application\/ld+json\" class=\"yoast-schema-graph\">{\"@context\":\"https:\/\/schema.org\",\"@graph\":[{\"@type\":\"WebPage\",\"@id\":\"https:\/\/cleanproducts.vn\/\",\"url\":\"https:\/\/cleanproducts.vn\/\",\"name\":\"Home Page - Cleanproducts\",\"isPartOf\":{\"@id\":\"https:\/\/cleanproducts.vn\/#website\"},\"datePublished\":\"2025-06-10T04:07:57+00:00\",\"dateModified\":\"2025-06-10T05:56:59+00:00\",\"breadcrumb\":{\"@id\":\"https:\/\/cleanproducts.vn\/#breadcrumb\"},\"inLanguage\":\"vi\",\"potentialAction\":[{\"@type\":\"ReadAction\",\"target\":[\"https:\/\/cleanproducts.vn\/\"]}]},{\"@type\":\"BreadcrumbList\",\"@id\":\"https:\/\/cleanproducts.vn\/#breadcrumb\",\"itemListElement\":[{\"@type\":\"ListItem\",\"position\":1,\"name\":\"Trang ch\u1ee7\",\"item\":\"https:\/\/cleanproducts.vn\/\"},{\"@type\":\"ListItem\",\"position\":2,\"name\":\"Home Page\"}]},{\"@type\":\"WebSite\",\"@id\":\"https:\/\/cleanproducts.vn\/#website\",\"url\":\"https:\/\/cleanproducts.vn\/\",\"name\":\"Cleanproducts\",\"description\":\"\",\"potentialAction\":[{\"@type\":\"SearchAction\",\"target\":{\"@type\":\"EntryPoint\",\"urlTemplate\":\"https:\/\/cleanproducts.vn\/?s={search_term_string}\"},\"query-input\":{\"@type\":\"PropertyValueSpecification\",\"valueRequired\":true,\"valueName\":\"search_term_string\"}}],\"inLanguage\":\"vi\"}]}<\/script>\n<!-- \/ Yoast SEO plugin. -->","yoast_head_json":{"title":"Home Page - Cleanproducts","robots":{"index":"index","follow":"follow","max-snippet":"max-snippet:-1","max-image-preview":"max-image-preview:large","max-video-preview":"max-video-preview:-1"},"canonical":"https:\/\/cleanproducts.vn\/","og_locale":"vi_VN","og_type":"article","og_title":"Home Page - Cleanproducts","og_description":"There are a lot of widgets bundled with Page Builder. You can use them to bring your pages to life.","og_url":"https:\/\/cleanproducts.vn\/","og_site_name":"Cleanproducts","article_modified_time":"2025-06-10T05:56:59+00:00","twitter_card":"summary_large_image","twitter_misc":{"\u01af\u1edbc t\u00ednh th\u1eddi gian \u0111\u1ecdc":"1 ph\u00fat"},"schema":{"@context":"https:\/\/schema.org","@graph":[{"@type":"WebPage","@id":"https:\/\/cleanproducts.vn\/","url":"https:\/\/cleanproducts.vn\/","name":"Home Page - Cleanproducts","isPartOf":{"@id":"https:\/\/cleanproducts.vn\/#website"},"datePublished":"2025-06-10T04:07:57+00:00","dateModified":"2025-06-10T05:56:59+00:00","breadcrumb":{"@id":"https:\/\/cleanproducts.vn\/#breadcrumb"},"inLanguage":"vi","potentialAction":[{"@type":"ReadAction","target":["https:\/\/cleanproducts.vn\/"]}]},{"@type":"BreadcrumbList","@id":"https:\/\/cleanproducts.vn\/#breadcrumb","itemListElement":[{"@type":"ListItem","position":1,"name":"Trang ch\u1ee7","item":"https:\/\/cleanproducts.vn\/"},{"@type":"ListItem","position":2,"name":"Home Page"}]},{"@type":"WebSite","@id":"https:\/\/cleanproducts.vn\/#website","url":"https:\/\/cleanproducts.vn\/","name":"Cleanproducts","description":"","potentialAction":[{"@type":"SearchAction","target":{"@type":"EntryPoint","urlTemplate":"https:\/\/cleanproducts.vn\/?s={search_term_string}"},"query-input":{"@type":"PropertyValueSpecification","valueRequired":true,"valueName":"search_term_string"}}],"inLanguage":"vi"}]}},"_links":{"self":[{"href":"https:\/\/cleanproducts.vn\/index.php\/wp-json\/wp\/v2\/pages\/72","targetHints":{"allow":["GET"]}}],"collection":[{"href":"https:\/\/cleanproducts.vn\/index.php\/wp-json\/wp\/v2\/pages"}],"about":[{"href":"https:\/\/cleanproducts.vn\/index.php\/wp-json\/wp\/v2\/types\/page"}],"author":[{"embeddable":true,"href":"https:\/\/cleanproducts.vn\/index.php\/wp-json\/wp\/v2\/users\/1"}],"replies":[{"embeddable":true,"href":"https:\/\/cleanproducts.vn\/index.php\/wp-json\/wp\/v2\/comments?post=72"}],"version-history":[{"count":1,"href":"https:\/\/cleanproducts.vn\/index.php\/wp-json\/wp\/v2\/pages\/72\/revisions"}],"predecessor-version":[{"id":73,"href":"https:\/\/cleanproducts.vn\/index.php\/wp-json\/wp\/v2\/pages\/72\/revisions\/73"}],"wp:attachment":[{"href":"https:\/\/cleanproducts.vn\/index.php\/wp-json\/wp\/v2\/media?parent=72"}],"curies":[{"name":"wp","href":"https:\/\/api.w.org\/{rel}","templated":true}]}}